{"id":1590,"date":"2025-01-03T09:34:32","date_gmt":"2025-01-03T06:34:32","guid":{"rendered":"http:\/\/demo.casethemes.net\/multio-resume\/?page_id=1590"},"modified":"2025-01-03T09:34:32","modified_gmt":"2025-01-03T06:34:32","slug":"standart-tenis-kortu","status":"publish","type":"page","link":"https:\/\/tasarimspor.com\/?page_id=1590","title":{"rendered":"STANDART TEN\u0130S KORTU"},"content":{"rendered":"<div class=\"wpb-content-wrapper\"><p>[vc_row el_id=&#8221;services&#8221;][vc_column css=&#8221;.vc_custom_1560254936797{padding-top: 110px !important;padding-bottom: 85px !important;}&#8221;][vc_row_inner content_placement=&#8221;middle&#8221;][vc_column_inner width=&#8221;1\/2&#8243; css=&#8221;.vc_custom_1560256169597{padding-top: 0px !important;padding-bottom: 41px !important;}&#8221;][ct_heading styles=&#8221;style2&#8243; text=&#8221;Tenis kortlar\u0131 i\u00e7in uygulanan standart arsa \u00f6l\u00e7\u00fcs\u00fc 18X36 Metredir. \u00c7ift ma\u00e7\u0131 de\u011filde tek tek oynama \u00f6zelli\u011fi olursa 18metre yerine 15metre de kullan\u0131labilmektedir. Fakat bu \u00e7ok fazla tavsiye edilmez. Sebebi oyun servislerini zorla\u015ft\u0131r\u0131r. <cite>Tasar\u0131m Spor<\/cite>&#8221; tag=&#8221;h6&#8243; font_weight=&#8221;&#8221; subtitle=&#8221;STANDART TEN\u0130S KORTU&#8221; description_font_weight=&#8221;inherit&#8221; margin_bottom=&#8221;0&#8243;][\/vc_column_inner][vc_column_inner width=&#8221;1\/2&#8243; ct_column_inner_class=&#8221;rm-padding-lg&#8221; css=&#8221;.vc_custom_1560256165609{padding-top: 0px !important;padding-bottom: 41px !important;padding-left: 100px !important;}&#8221;][vc_column_text css=&#8221;.vc_custom_1735845867656{margin-bottom: 0px !important;}&#8221; text_style=&#8221;text-block1&#8243;]Sahan\u0131n \u00f6zellikleri genel olarak a\u015fa\u011f\u0131daki gibidir;<br \/>\nSaha boyu: 23,77 metre uzunlu\u011funda<br \/>\nSaha eni : 10,97 metre enindedir<br \/>\n\u00c7iftler i\u00e7in koridoru mesafesi : 1,37 metre<br \/>\nFilenin y\u00fckseklik \u00f6l\u00e7\u00fcs\u00fc (ortada): 91,4 cm<br \/>\nServis \u00e7izgisinin fileye olanuzakl\u0131\u011f\u0131: 6,40 metre<br \/>\ni\u015fareti:En az 2.5cm<br \/>\nYan kenar bo\u015flu\u011fu : 3, 66 metre<br \/>\nYard\u0131mc\u0131 \u00c7izgi: 5 cm dir[\/vc_column_text][\/vc_column_inner][\/vc_row_inner][vc_row_inner][vc_column_inner width=&#8221;1\/2&#8243; css=&#8221;.vc_custom_1558433779040{padding-top: 30px !important;}&#8221; offset=&#8221;vc_col-lg-3 vc_col-md-3&#8243; animation_column=&#8221;fadeInUp&#8221;][ct_fancybox cms_template=&#8221;ct_fancybox&#8211;layout2.php&#8221; icon_type=&#8221;image&#8221; icon_image=&#8221;1807&#8243; icon_image_hover=&#8221;1673&#8243; link_item=&#8221;url:%23|||&#8221; title=&#8221;ALT YAPI&#8221; description=&#8221;- Yap\u0131lacak sahan\u0131n d\u00fczg\u00fcn hale getirilmesi<br \/>\n&#8211; Tel\u00e7it i\u00e7in hat\u0131l d\u00f6\u015fenmesi<br \/>\n&#8211; Kaba dolgu malzemesi serilmesi<br \/>\n&#8211; \u00d6zel kar\u0131\u015f\u0131mla (Plentmix) serilmesi<br \/>\n&#8211; Asfalt (A\u015f\u0131nma) (Binder)&#8221;][\/vc_column_inner][vc_column_inner width=&#8221;1\/2&#8243; css=&#8221;.vc_custom_1558433795188{padding-top: 30px !important;}&#8221; offset=&#8221;vc_col-lg-3 vc_col-md-3&#8243; animation_column=&#8221;fadeInUp&#8221;][ct_fancybox cms_template=&#8221;ct_fancybox&#8211;layout2.php&#8221; icon_type=&#8221;image&#8221; icon_image=&#8221;1807&#8243; icon_image_hover=&#8221;1675&#8243; link_item=&#8221;url:%23|||&#8221; title=&#8221;TEL \u00c7\u0130T&#8221; description=&#8221;- Ankrajlar \u00fczerine 4 m ve \u00fczeri y\u00fcksekli\u011finde borular<br \/>\n&#8211; Net 50\u00d750 mm g\u00f6z aral\u0131\u011f\u0131 3.5 mm et kal\u0131nl\u0131\u011f\u0131<br \/>\n&#8211; \u0130\u00e7i galvaniz d\u0131\u015f\u0131 PVC<br \/>\n&#8211; Gerdirme halat\u0131 donat\u0131lmas\u0131&#8221;][\/vc_column_inner][vc_column_inner width=&#8221;1\/2&#8243; css=&#8221;.vc_custom_1558433810070{padding-top: 30px !important;}&#8221; offset=&#8221;vc_col-lg-3 vc_col-md-3&#8243; animation_column=&#8221;fadeInUp&#8221;][ct_fancybox cms_template=&#8221;ct_fancybox&#8211;layout2.php&#8221; icon_type=&#8221;image&#8221; icon_image=&#8221;1807&#8243; icon_image_hover=&#8221;1677&#8243; link_item=&#8221;url:%23|||&#8221; title=&#8221;ZEM\u0130N KAPLAMA&#8221; description=&#8221;Beton Uygulama i\u00e7in;<br \/>\n&#8211; \u00c7ift Kompanantl\u0131 Astar<br \/>\n&#8211; Premix<br \/>\n&#8211; Oyun \u00c7izgileri<br \/>\nAsfalt Uygulamal\u0131 i\u00e7in;<br \/>\n&#8211; Resurfacer<br \/>\n&#8211; Cushion (Lastik Katmanl\u0131)<br \/>\n&#8211; Premix<br \/>\n&#8211; Oyun \u00c7izgileri&#8221;][\/vc_column_inner][vc_column_inner width=&#8221;1\/2&#8243; css=&#8221;.vc_custom_1558433824420{padding-top: 30px !important;}&#8221; offset=&#8221;vc_col-lg-3 vc_col-md-3&#8243; animation_column=&#8221;fadeInUp&#8221;][ct_fancybox cms_template=&#8221;ct_fancybox&#8211;layout2.php&#8221; icon_type=&#8221;image&#8221; icon_image=&#8221;1807&#8243; icon_image_hover=&#8221;1679&#8243; link_item=&#8221;url:%23|||&#8221; title=&#8221;AYDINLATMA&#8221; description=&#8221;- Metal halinde dikey b\u00fck\u00fcml\u00fc ayd\u0131nlatmad\u0131r<br \/>\n&#8211; 6 adet olup her biri 1000 W g\u00fcc\u00fcndedir<br \/>\n&#8211; Yerli ve ithal \u00fcr\u00fcnlerde de \u00e7al\u0131\u015f\u0131lmaktad\u0131r<br \/>\n&#8211; Projekt\u00f6r tipi olarakta \u00e7al\u0131\u015fmam\u0131z mevcuttur&#8221;][\/vc_column_inner][\/vc_row_inner][\/vc_column][\/vc_row][vc_row][vc_column][vc_media_grid element_width=&#8221;3&#8243; css=&#8221;&#8221; grid_id=&#8221;vc_gid:1735846241783-120ef981-7949-3&#8243; include=&#8221;1827,1828,1829,1830,1831,1832,1833,1834&#8243;][\/vc_column][\/vc_row]<\/p>\n<\/div>","protected":false},"excerpt":{"rendered":"<p>[vc_row el_id=&#8221;services&#8221;][vc_column css=&#8221;.vc_custom_1560254936797{padding-top: 110px !important;padding-bottom: 85px !important;}&#8221;][vc_row_inner content_placement=&#8221;middle&#8221;][vc_column_inner width=&#8221;1\/2&#8243; css=&#8221;.vc_custom_1560256169597{padding-top: 0px !important;padding-bottom: 41px !important;}&#8221;][ct_heading styles=&#8221;style2&#8243; text=&#8221;Tenis kortlar\u0131 i\u00e7in uygulanan standart arsa \u00f6l\u00e7\u00fcs\u00fc 18X36 Metredir. \u00c7ift ma\u00e7\u0131 de\u011filde tek tek oynama \u00f6zelli\u011fi olursa 18metre yerine 15metre de kullan\u0131labilmektedir. Fakat bu \u00e7ok fazla tavsiye edilmez. Sebebi oyun servislerini zorla\u015ft\u0131r\u0131r. Tasar\u0131m Spor&#8221; tag=&#8221;h6&#8243; font_weight=&#8221;&#8221; subtitle=&#8221;STANDART TEN\u0130S KORTU&#8221; description_font_weight=&#8221;inherit&#8221;&#8230;<\/p>\n","protected":false},"author":1,"featured_media":0,"parent":0,"menu_order":0,"comment_status":"closed","ping_status":"closed","template":"","meta":{"footnotes":""},"class_list":["post-1590","page","type-page","status-publish","hentry"],"_links":{"self":[{"href":"https:\/\/tasarimspor.com\/index.php?rest_route=\/wp\/v2\/pages\/1590","targetHints":{"allow":["GET"]}}],"collection":[{"href":"https:\/\/tasarimspor.com\/index.php?rest_route=\/wp\/v2\/pages"}],"about":[{"href":"https:\/\/tasarimspor.com\/index.php?rest_route=\/wp\/v2\/types\/page"}],"author":[{"embeddable":true,"href":"https:\/\/tasarimspor.com\/index.php?rest_route=\/wp\/v2\/users\/1"}],"replies":[{"embeddable":true,"href":"https:\/\/tasarimspor.com\/index.php?rest_route=%2Fwp%2Fv2%2Fcomments&post=1590"}],"version-history":[{"count":0,"href":"https:\/\/tasarimspor.com\/index.php?rest_route=\/wp\/v2\/pages\/1590\/revisions"}],"wp:attachment":[{"href":"https:\/\/tasarimspor.com\/index.php?rest_route=%2Fwp%2Fv2%2Fmedia&parent=1590"}],"curies":[{"name":"wp","href":"https:\/\/api.w.org\/{rel}","templated":true}]}}