{"id":1858,"date":"2025-01-03T14:03:57","date_gmt":"2025-01-03T11:03:57","guid":{"rendered":"https:\/\/gokdumanspor.com\/?page_id=1858"},"modified":"2025-01-03T14:03:57","modified_gmt":"2025-01-03T11:03:57","slug":"cok-amacli-sahalar","status":"publish","type":"page","link":"https:\/\/tasarimspor.com\/?page_id=1858","title":{"rendered":"\u00c7OK AMA\u00c7LI SAHALAR"},"content":{"rendered":"<div class=\"wpb-content-wrapper\"><p>[vc_row el_id=&#8221;services&#8221;][vc_column css=&#8221;.vc_custom_1560254936797{padding-top: 110px !important;padding-bottom: 85px !important;}&#8221;][vc_row_inner content_placement=&#8221;middle&#8221;][vc_column_inner width=&#8221;1\/2&#8243; css=&#8221;.vc_custom_1560256169597{padding-top: 0px !important;padding-bottom: 41px !important;}&#8221;][ct_heading styles=&#8221;style2&#8243; text=&#8221;\u00c7ok ama\u00e7l\u0131 spor sahas\u0131 \u00f6l\u00e7\u00fcleri i\u00e7in standart bir \u00f6l\u00e7\u00fc bulunmamaktad\u0131r. Fakat en \u00e7ok tercih edilen \u00e7ok ama\u00e7l\u0131 spor sahas\u0131 \u00f6l\u00e7\u00fcs\u00fc 18m x 36m &#8216;dir. Bu saha \u00f6l\u00e7\u00fcleri ile genellikle basketbol sahas\u0131, mini futbol sahas\u0131 kolayl\u0131kla in\u015fa edilebilmektedir.&#8221; tag=&#8221;h6&#8243; font_weight=&#8221;&#8221; subtitle=&#8221;\u00c7OK AMA\u00c7LI SAHALAR&#8221; description_font_weight=&#8221;inherit&#8221; margin_bottom=&#8221;0&#8243;][\/vc_column_inner][vc_column_inner width=&#8221;1\/2&#8243; ct_column_inner_class=&#8221;rm-padding-lg&#8221; css=&#8221;.vc_custom_1560256165609{padding-top: 0px !important;padding-bottom: 41px !important;padding-left: 100px !important;}&#8221;][vc_column_text css=&#8221;.vc_custom_1735901767284{margin-bottom: 0px !important;}&#8221; text_style=&#8221;text-block1&#8243;]Standart \u00f6l\u00e7\u00fcler<br \/>\n28 metre uzunluk ve 15 metre geni\u015fliktir.<br \/>\nSaha, boy-en oran\u0131n\u0131n sabit kalmas\u0131 ko\u015fuluyla,<br \/>\n26m x 14m boyutlarda olabilir.<br \/>\nOyun alan\u0131 i\u00e7indeki t\u00fcm \u00e7izgiler beyaz renkte ve 5 cm kal\u0131ndad\u0131r.[\/vc_column_text][\/vc_column_inner][\/vc_row_inner][\/vc_column][\/vc_row][vc_row][vc_column][vc_media_grid element_width=&#8221;3&#8243; css=&#8221;&#8221; grid_id=&#8221;vc_gid:1735902004438-db2be25a-f6c7-9&#8243; include=&#8221;1849,1850,1851,1852,1853,1854,1855,1856&#8243;][\/vc_column][\/vc_row]<\/p>\n<\/div>","protected":false},"excerpt":{"rendered":"<p>[vc_row el_id=&#8221;services&#8221;][vc_column css=&#8221;.vc_custom_1560254936797{padding-top: 110px !important;padding-bottom: 85px !important;}&#8221;][vc_row_inner content_placement=&#8221;middle&#8221;][vc_column_inner width=&#8221;1\/2&#8243; css=&#8221;.vc_custom_1560256169597{padding-top: 0px !important;padding-bottom: 41px !important;}&#8221;][ct_heading styles=&#8221;style2&#8243; text=&#8221;\u00c7ok ama\u00e7l\u0131 spor sahas\u0131 \u00f6l\u00e7\u00fcleri i\u00e7in standart bir \u00f6l\u00e7\u00fc bulunmamaktad\u0131r. Fakat en \u00e7ok tercih edilen \u00e7ok ama\u00e7l\u0131 spor sahas\u0131 \u00f6l\u00e7\u00fcs\u00fc 18m x 36m &#8216;dir. Bu saha \u00f6l\u00e7\u00fcleri ile genellikle basketbol sahas\u0131, mini futbol sahas\u0131 kolayl\u0131kla in\u015fa edilebilmektedir.&#8221; tag=&#8221;h6&#8243; font_weight=&#8221;&#8221; subtitle=&#8221;\u00c7OK&#8230;<\/p>\n","protected":false},"author":1,"featured_media":0,"parent":0,"menu_order":0,"comment_status":"closed","ping_status":"closed","template":"","meta":{"footnotes":""},"class_list":["post-1858","page","type-page","status-publish","hentry"],"_links":{"self":[{"href":"https:\/\/tasarimspor.com\/index.php?rest_route=\/wp\/v2\/pages\/1858","targetHints":{"allow":["GET"]}}],"collection":[{"href":"https:\/\/tasarimspor.com\/index.php?rest_route=\/wp\/v2\/pages"}],"about":[{"href":"https:\/\/tasarimspor.com\/index.php?rest_route=\/wp\/v2\/types\/page"}],"author":[{"embeddable":true,"href":"https:\/\/tasarimspor.com\/index.php?rest_route=\/wp\/v2\/users\/1"}],"replies":[{"embeddable":true,"href":"https:\/\/tasarimspor.com\/index.php?rest_route=%2Fwp%2Fv2%2Fcomments&post=1858"}],"version-history":[{"count":0,"href":"https:\/\/tasarimspor.com\/index.php?rest_route=\/wp\/v2\/pages\/1858\/revisions"}],"wp:attachment":[{"href":"https:\/\/tasarimspor.com\/index.php?rest_route=%2Fwp%2Fv2%2Fmedia&parent=1858"}],"curies":[{"name":"wp","href":"https:\/\/api.w.org\/{rel}","templated":true}]}}