{"id":1862,"date":"2025-01-03T14:28:29","date_gmt":"2025-01-03T11:28:29","guid":{"rendered":"https:\/\/gokdumanspor.com\/?page_id=1862"},"modified":"2025-01-04T20:08:17","modified_gmt":"2025-01-04T17:08:17","slug":"spor-sahalari-yapim-isleri","status":"publish","type":"page","link":"https:\/\/tasarimspor.com\/?page_id=1862","title":{"rendered":"AKSESUARLAR"},"content":{"rendered":"<div class=\"wpb-content-wrapper\"><p>[vc_row el_id=&#8221;services&#8221;][vc_column css=&#8221;.vc_custom_1560254936797{padding-top: 110px !important;padding-bottom: 85px !important;}&#8221;][vc_row_inner content_placement=&#8221;middle&#8221;][vc_column_inner css=&#8221;.vc_custom_1560256169597{padding-top: 0px !important;padding-bottom: 41px !important;}&#8221;][ct_heading styles=&#8221;style2&#8243; tag=&#8221;h6&#8243; font_weight=&#8221;&#8221; subtitle=&#8221;TEN\u0130S D\u0130RE\u011e\u0130 VE A\u011eI&#8221; description_font_weight=&#8221;inherit&#8221; margin_bottom=&#8221;0&#8243;][vc_media_grid element_width=&#8221;3&#8243; css=&#8221;&#8221; grid_id=&#8221;vc_gid:1736010473360-41643d47-9801-0&#8243; include=&#8221;1863,1864,2062,2061&#8243;][\/vc_column_inner][\/vc_row_inner][vc_row_inner content_placement=&#8221;middle&#8221;][vc_column_inner css=&#8221;.vc_custom_1560256169597{padding-top: 0px !important;padding-bottom: 41px !important;}&#8221;][ct_heading styles=&#8221;style2&#8243; tag=&#8221;h6&#8243; font_weight=&#8221;&#8221; subtitle=&#8221;VOLEYBOL D\u0130RE\u011e\u0130 VE A\u011eI&#8221; description_font_weight=&#8221;inherit&#8221; margin_bottom=&#8221;0&#8243;][vc_media_grid element_width=&#8221;3&#8243; css=&#8221;&#8221; grid_id=&#8221;vc_gid:1736010473361-f7b812f4-adcd-7&#8243; include=&#8221;2063,2064&#8243;][\/vc_column_inner][\/vc_row_inner][vc_row_inner content_placement=&#8221;middle&#8221;][vc_column_inner css=&#8221;.vc_custom_1560256169597{padding-top: 0px !important;padding-bottom: 41px !important;}&#8221;][ct_heading styles=&#8221;style2&#8243; tag=&#8221;h6&#8243; font_weight=&#8221;&#8221; subtitle=&#8221;BASKETBOL POTASI&#8221; description_font_weight=&#8221;inherit&#8221; margin_bottom=&#8221;0&#8243;][vc_media_grid element_width=&#8221;3&#8243; css=&#8221;&#8221; grid_id=&#8221;vc_gid:1736010473362-46014254-59b8-10&#8243; include=&#8221;2066,2065,2067,2068&#8243;][\/vc_column_inner][\/vc_row_inner][vc_row_inner content_placement=&#8221;middle&#8221;][vc_column_inner css=&#8221;.vc_custom_1560256169597{padding-top: 0px !important;padding-bottom: 41px !important;}&#8221;][ct_heading styles=&#8221;style2&#8243; tag=&#8221;h6&#8243; font_weight=&#8221;&#8221; subtitle=&#8221;KORT KORUYUCU&#8221; description_font_weight=&#8221;inherit&#8221; margin_bottom=&#8221;0&#8243;][vc_media_grid element_width=&#8221;3&#8243; css=&#8221;&#8221; grid_id=&#8221;vc_gid:1736010473363-18062b89-2aae-7&#8243; include=&#8221;1874,1875,1876,2069&#8243;][\/vc_column_inner][\/vc_row_inner][vc_row_inner content_placement=&#8221;middle&#8221;][vc_column_inner css=&#8221;.vc_custom_1560256169597{padding-top: 0px !important;padding-bottom: 41px !important;}&#8221;][ct_heading styles=&#8221;style2&#8243; tag=&#8221;h6&#8243; font_weight=&#8221;&#8221; subtitle=&#8221;AYDINLATMA&#8221; description_font_weight=&#8221;inherit&#8221; margin_bottom=&#8221;0&#8243;][vc_media_grid element_width=&#8221;3&#8243; css=&#8221;&#8221; grid_id=&#8221;vc_gid:1736010473363-81f6a42d-3d48-1&#8243; include=&#8221;1877,1878,1879,1880&#8243;][\/vc_column_inner][\/vc_row_inner][\/vc_column][\/vc_row]<\/p>\n<\/div>","protected":false},"excerpt":{"rendered":"<p>[vc_row el_id=&#8221;services&#8221;][vc_column css=&#8221;.vc_custom_1560254936797{padding-top: 110px !important;padding-bottom: 85px !important;}&#8221;][vc_row_inner content_placement=&#8221;middle&#8221;][vc_column_inner css=&#8221;.vc_custom_1560256169597{padding-top: 0px !important;padding-bottom: 41px !important;}&#8221;][ct_heading styles=&#8221;style2&#8243; tag=&#8221;h6&#8243; font_weight=&#8221;&#8221; subtitle=&#8221;TEN\u0130S D\u0130RE\u011e\u0130 VE A\u011eI&#8221; description_font_weight=&#8221;inherit&#8221; margin_bottom=&#8221;0&#8243;][vc_media_grid element_width=&#8221;3&#8243; css=&#8221;&#8221; grid_id=&#8221;vc_gid:1736010473360-41643d47-9801-0&#8243; include=&#8221;1863,1864,2062,2061&#8243;][\/vc_column_inner][\/vc_row_inner][vc_row_inner content_placement=&#8221;middle&#8221;][vc_column_inner css=&#8221;.vc_custom_1560256169597{padding-top: 0px !important;padding-bottom: 41px !important;}&#8221;][ct_heading styles=&#8221;style2&#8243; tag=&#8221;h6&#8243; font_weight=&#8221;&#8221; subtitle=&#8221;VOLEYBOL D\u0130RE\u011e\u0130 VE A\u011eI&#8221; description_font_weight=&#8221;inherit&#8221; margin_bottom=&#8221;0&#8243;][vc_media_grid element_width=&#8221;3&#8243; css=&#8221;&#8221; grid_id=&#8221;vc_gid:1736010473361-f7b812f4-adcd-7&#8243; include=&#8221;2063,2064&#8243;][\/vc_column_inner][\/vc_row_inner][vc_row_inner content_placement=&#8221;middle&#8221;][vc_column_inner css=&#8221;.vc_custom_1560256169597{padding-top: 0px !important;padding-bottom: 41px !important;}&#8221;][ct_heading styles=&#8221;style2&#8243; tag=&#8221;h6&#8243; font_weight=&#8221;&#8221; subtitle=&#8221;BASKETBOL&#8230;<\/p>\n","protected":false},"author":1,"featured_media":0,"parent":0,"menu_order":0,"comment_status":"closed","ping_status":"closed","template":"","meta":{"footnotes":""},"class_list":["post-1862","page","type-page","status-publish","hentry"],"_links":{"self":[{"href":"https:\/\/tasarimspor.com\/index.php?rest_route=\/wp\/v2\/pages\/1862","targetHints":{"allow":["GET"]}}],"collection":[{"href":"https:\/\/tasarimspor.com\/index.php?rest_route=\/wp\/v2\/pages"}],"about":[{"href":"https:\/\/tasarimspor.com\/index.php?rest_route=\/wp\/v2\/types\/page"}],"author":[{"embeddable":true,"href":"https:\/\/tasarimspor.com\/index.php?rest_route=\/wp\/v2\/users\/1"}],"replies":[{"embeddable":true,"href":"https:\/\/tasarimspor.com\/index.php?rest_route=%2Fwp%2Fv2%2Fcomments&post=1862"}],"version-history":[{"count":2,"href":"https:\/\/tasarimspor.com\/index.php?rest_route=\/wp\/v2\/pages\/1862\/revisions"}],"predecessor-version":[{"id":2123,"href":"https:\/\/tasarimspor.com\/index.php?rest_route=\/wp\/v2\/pages\/1862\/revisions\/2123"}],"wp:attachment":[{"href":"https:\/\/tasarimspor.com\/index.php?rest_route=%2Fwp%2Fv2%2Fmedia&parent=1862"}],"curies":[{"name":"wp","href":"https:\/\/api.w.org\/{rel}","templated":true}]}}