{"id":1882,"date":"2025-01-03T14:34:06","date_gmt":"2025-01-03T11:34:06","guid":{"rendered":"https:\/\/gokdumanspor.com\/?page_id=1882"},"modified":"2025-01-04T20:13:31","modified_gmt":"2025-01-04T17:13:31","slug":"yuruyus-yollari","status":"publish","type":"page","link":"https:\/\/tasarimspor.com\/?page_id=1882","title":{"rendered":"Y\u00dcR\u00dcY\u00dc\u015e YOLLARI"},"content":{"rendered":"<div class=\"wpb-content-wrapper\"><p>[vc_row][vc_column css=&#8221;.vc_custom_1560254936797{padding-top: 110px !important;padding-bottom: 85px !important;}&#8221;][vc_row_inner content_placement=&#8221;middle&#8221;][vc_column_inner css=&#8221;.vc_custom_1560256169597{padding-top: 0px !important;padding-bottom: 41px !important;}&#8221;][ct_heading styles=&#8221;style2&#8243; tag=&#8221;h6&#8243; align_lg=&#8221;align-center&#8221; align_md=&#8221;align-center-md&#8221; align_sm=&#8221;align-center-sm&#8221; align_xs=&#8221;align-center-xs&#8221; font_weight=&#8221;&#8221; subtitle=&#8221;Y\u00dcR\u00dcY\u00dc\u015e YOLU UYGULAMALARI&#8221; description_font_weight=&#8221;inherit&#8221; margin_bottom=&#8221;0&#8243;][vc_media_grid element_width=&#8221;3&#8243; css=&#8221;&#8221; grid_id=&#8221;vc_gid:1736010885232-57608476-f520-3&#8243; include=&#8221;1883,1884,1885,1886,1887,1888,2070,2071&#8243;][\/vc_column_inner][\/vc_row_inner][\/vc_column][\/vc_row]<\/p>\n<\/div>","protected":false},"excerpt":{"rendered":"<p>[vc_row][vc_column css=&#8221;.vc_custom_1560254936797{padding-top: 110px !important;padding-bottom: 85px !important;}&#8221;][vc_row_inner content_placement=&#8221;middle&#8221;][vc_column_inner css=&#8221;.vc_custom_1560256169597{padding-top: 0px !important;padding-bottom: 41px !important;}&#8221;][ct_heading styles=&#8221;style2&#8243; tag=&#8221;h6&#8243; align_lg=&#8221;align-center&#8221; align_md=&#8221;align-center-md&#8221; align_sm=&#8221;align-center-sm&#8221; align_xs=&#8221;align-center-xs&#8221; font_weight=&#8221;&#8221; subtitle=&#8221;Y\u00dcR\u00dcY\u00dc\u015e YOLU UYGULAMALARI&#8221; description_font_weight=&#8221;inherit&#8221; margin_bottom=&#8221;0&#8243;][vc_media_grid element_width=&#8221;3&#8243; css=&#8221;&#8221; grid_id=&#8221;vc_gid:1736010885232-57608476-f520-3&#8243; include=&#8221;1883,1884,1885,1886,1887,1888,2070,2071&#8243;][\/vc_column_inner][\/vc_row_inner][\/vc_column][\/vc_row]<\/p>\n","protected":false},"author":1,"featured_media":0,"parent":0,"menu_order":0,"comment_status":"closed","ping_status":"closed","template":"","meta":{"footnotes":""},"class_list":["post-1882","page","type-page","status-publish","hentry"],"_links":{"self":[{"href":"https:\/\/tasarimspor.com\/index.php?rest_route=\/wp\/v2\/pages\/1882","targetHints":{"allow":["GET"]}}],"collection":[{"href":"https:\/\/tasarimspor.com\/index.php?rest_route=\/wp\/v2\/pages"}],"about":[{"href":"https:\/\/tasarimspor.com\/index.php?rest_route=\/wp\/v2\/types\/page"}],"author":[{"embeddable":true,"href":"https:\/\/tasarimspor.com\/index.php?rest_route=\/wp\/v2\/users\/1"}],"replies":[{"embeddable":true,"href":"https:\/\/tasarimspor.com\/index.php?rest_route=%2Fwp%2Fv2%2Fcomments&post=1882"}],"version-history":[{"count":1,"href":"https:\/\/tasarimspor.com\/index.php?rest_route=\/wp\/v2\/pages\/1882\/revisions"}],"predecessor-version":[{"id":2126,"href":"https:\/\/tasarimspor.com\/index.php?rest_route=\/wp\/v2\/pages\/1882\/revisions\/2126"}],"wp:attachment":[{"href":"https:\/\/tasarimspor.com\/index.php?rest_route=%2Fwp%2Fv2%2Fmedia&parent=1882"}],"curies":[{"name":"wp","href":"https:\/\/api.w.org\/{rel}","templated":true}]}}