{"id":1944,"date":"2025-01-03T14:53:21","date_gmt":"2025-01-03T11:53:21","guid":{"rendered":"https:\/\/gokdumanspor.com\/?page_id=1944"},"modified":"2025-01-04T20:15:15","modified_gmt":"2025-01-04T17:15:15","slug":"iletisim","status":"publish","type":"page","link":"https:\/\/tasarimspor.com\/?page_id=1944","title":{"rendered":"\u0130LET\u0130\u015e\u0130M"},"content":{"rendered":"<div class=\"wpb-content-wrapper\"><p>[vc_row][vc_column css=&#8221;.vc_custom_1560254936797{padding-top: 110px !important;padding-bottom: 85px !important;}&#8221;][vc_row_inner content_placement=&#8221;middle&#8221;][vc_column_inner css=&#8221;.vc_custom_1560256169597{padding-top: 0px !important;padding-bottom: 41px !important;}&#8221;][ct_heading styles=&#8221;style2&#8243; text=&#8221;Tasar\u0131m Spor \u0130leti\u015fim Bilgilerimiz&#8221; tag=&#8221;h6&#8243; align_lg=&#8221;align-center&#8221; align_md=&#8221;align-center-md&#8221; align_sm=&#8221;align-center-sm&#8221; align_xs=&#8221;align-center-xs&#8221; font_weight=&#8221;&#8221; subtitle=&#8221;\u0130LET\u0130\u015e\u0130M&#8221; description_font_weight=&#8221;inherit&#8221; margin_bottom=&#8221;0&#8243;][vc_column_text css=&#8221;&#8221;]<iframe loading=\"lazy\" style=\"border: 0;\" src=\"https:\/\/www.google.com\/maps\/embed?pb=!1m14!1m8!1m3!1d3010.7594258201498!2d29.1097004!3d41.0086385!3m2!1i1024!2i768!4f13.1!3m3!1m2!1s0x14cac9e6ba43b253%3A0x9f2fcdd8661578f5!2sG%C3%B6kduman%20Spor!5e0!3m2!1sen!2str!4v1665336818955!5m2!1sen!2str\" width=\"1200\" height=\"319\" allowfullscreen=\"allowfullscreen\"><\/iframe>[\/vc_column_text][ct_contact_info icon_fontawesome=&#8221;fas fa-mobile-alt&#8221; content_info=&#8221;<a href=``tel:0 534 336 31 60``>0 534 336 31 60<\/a>&#8220;][ct_contact_info icon_fontawesome=&#8221;fas fa-phone-square&#8221; content_info=&#8221;<a href=``tel:0 216 533 30 04``>0 216 533 30 04<\/a>&#8220;][ct_contact_info icon_fontawesome=&#8221;fas fa-at&#8221; content_info=&#8221;gokdumaninsaat@hotmail.com&#8221;][ct_contact_info icon_fontawesome=&#8221;fas fa-home&#8221; content_info=&#8221;Merkez:Site mahallesi atay caddesi No:86 D:23 \u00dcmraniye\/\u0130stanbul&#8221;][\/vc_column_inner][\/vc_row_inner][\/vc_column][\/vc_row]<\/p>\n<\/div>","protected":false},"excerpt":{"rendered":"<p>[vc_row][vc_column css=&#8221;.vc_custom_1560254936797{padding-top: 110px !important;padding-bottom: 85px !important;}&#8221;][vc_row_inner content_placement=&#8221;middle&#8221;][vc_column_inner css=&#8221;.vc_custom_1560256169597{padding-top: 0px !important;padding-bottom: 41px !important;}&#8221;][ct_heading styles=&#8221;style2&#8243; text=&#8221;Tasar\u0131m Spor \u0130leti\u015fim Bilgilerimiz&#8221; tag=&#8221;h6&#8243; align_lg=&#8221;align-center&#8221; align_md=&#8221;align-center-md&#8221; align_sm=&#8221;align-center-sm&#8221; align_xs=&#8221;align-center-xs&#8221; font_weight=&#8221;&#8221; subtitle=&#8221;\u0130LET\u0130\u015e\u0130M&#8221; description_font_weight=&#8221;inherit&#8221; margin_bottom=&#8221;0&#8243;][vc_column_text css=&#8221;&#8221;][\/vc_column_text][ct_contact_info icon_fontawesome=&#8221;fas fa-mobile-alt&#8221; content_info=&#8221;0 534 336 31 60&#8220;][ct_contact_info icon_fontawesome=&#8221;fas fa-phone-square&#8221; content_info=&#8221;0 216 533 30 04&#8220;][ct_contact_info icon_fontawesome=&#8221;fas fa-at&#8221; content_info=&#8221;gokdumaninsaat@hotmail.com&#8221;][ct_contact_info icon_fontawesome=&#8221;fas fa-home&#8221; content_info=&#8221;Merkez:Site mahallesi atay caddesi No:86 D:23 \u00dcmraniye\/\u0130stanbul&#8221;][\/vc_column_inner][\/vc_row_inner][\/vc_column][\/vc_row]<\/p>\n","protected":false},"author":1,"featured_media":0,"parent":0,"menu_order":0,"comment_status":"closed","ping_status":"closed","template":"","meta":{"footnotes":""},"class_list":["post-1944","page","type-page","status-publish","hentry"],"_links":{"self":[{"href":"https:\/\/tasarimspor.com\/index.php?rest_route=\/wp\/v2\/pages\/1944","targetHints":{"allow":["GET"]}}],"collection":[{"href":"https:\/\/tasarimspor.com\/index.php?rest_route=\/wp\/v2\/pages"}],"about":[{"href":"https:\/\/tasarimspor.com\/index.php?rest_route=\/wp\/v2\/types\/page"}],"author":[{"embeddable":true,"href":"https:\/\/tasarimspor.com\/index.php?rest_route=\/wp\/v2\/users\/1"}],"replies":[{"embeddable":true,"href":"https:\/\/tasarimspor.com\/index.php?rest_route=%2Fwp%2Fv2%2Fcomments&post=1944"}],"version-history":[{"count":1,"href":"https:\/\/tasarimspor.com\/index.php?rest_route=\/wp\/v2\/pages\/1944\/revisions"}],"predecessor-version":[{"id":2127,"href":"https:\/\/tasarimspor.com\/index.php?rest_route=\/wp\/v2\/pages\/1944\/revisions\/2127"}],"wp:attachment":[{"href":"https:\/\/tasarimspor.com\/index.php?rest_route=%2Fwp%2Fv2%2Fmedia&parent=1944"}],"curies":[{"name":"wp","href":"https:\/\/api.w.org\/{rel}","templated":true}]}}