{"id":2049,"date":"2025-01-01T15:22:29","date_gmt":"2025-01-01T12:22:29","guid":{"rendered":"http:\/\/demo.casethemes.net\/multio-resume\/?page_id=386"},"modified":"2025-01-03T20:20:36","modified_gmt":"2025-01-03T17:20:36","slug":"gokduman-spor","status":"publish","type":"page","link":"https:\/\/tasarimspor.com\/","title":{"rendered":"Anasayfa"},"content":{"rendered":"<div class=\"wpb-content-wrapper\"><p>[vc_row full_width=&#8221;stretch_row&#8221; parallax=&#8221;content-moving&#8221; parallax_image=&#8221;2050&#8243; ct_row_class=&#8221;row-overlay&#8221; css=&#8221;.vc_custom_1735924927445{background-color: rgba(0,0,0,0.25) !important;*background-color: rgb(0,0,0) !important;}&#8221;][vc_column css=&#8221;.vc_custom_1558751649530{padding-top: 0px !important;}&#8221;][ct_space space_lg=&#8221;300&#8243; space_md=&#8221;300&#8243; space_sm=&#8221;180&#8243; space_xs=&#8221;130&#8243;][vc_row_inner][vc_column_inner width=&#8221;3\/4&#8243; css=&#8221;.vc_custom_1558948166898{padding-top: 0px !important;}&#8221; offset=&#8221;vc_col-lg-6 vc_col-md-8&#8243;][ct_heading text=&#8221;<u>Saha Yap\u0131m<\/u> \u0130\u015fleri;&#8221; font_size=&#8221;72&#8243; font_size_md=&#8221;72&#8243; font_size_sm=&#8221;60&#8243; font_size_xs=&#8221;40&#8243; line_height=&#8221;86&#8243; line_height_md=&#8221;86&#8243; line_height_sm=&#8221;72&#8243; line_height_xs=&#8221;48&#8243; font_weight=&#8221;&#8221; letter_spacing=&#8221;-0.05em&#8221; text_color=&#8221;#ffffff&#8221; description_font_weight=&#8221;inherit&#8221; margin_bottom=&#8221;35&#8243; typingout=&#8221;&#8220;Tamir&#8220;, &#8220; Tadilat&#8220;, &#8220;\u00dcr\u00fcn Sat\u0131\u015f\u0131&#8220;&#8221; animation=&#8221;fadeInRight&#8221; el_class=&#8221;h-u-lg&#8221;][ct_heading text=&#8221;Otopark boya ve \u00e7izim i\u015fleri, Profosyonel ve Garantili i\u015flemler&#8221; tag=&#8221;h6&#8243; font_size=&#8221;20&#8243; font_size_md=&#8221;20&#8243; font_size_sm=&#8221;20&#8243; font_size_xs=&#8221;20&#8243; line_height=&#8221;32&#8243; line_height_md=&#8221;32&#8243; line_height_sm=&#8221;32&#8243; line_height_xs=&#8221;32&#8243; font_weight=&#8221;400&#8243; text_color=&#8221;#f2f2f2&#8243; description_font_weight=&#8221;inherit&#8221; margin_bottom=&#8221;43&#8243; animation=&#8221;fadeInRight&#8221;][ct_button button_text=&#8221;\u0130leti\u015fime Ge\u00e7in&#8221; button_link=&#8221;url:https%3A%2F%2Ftasarimspor.com%2F%3Fpage_id%3D1944|title:%C4%B0LET%C4%B0%C5%9E%C4%B0M&#8221; button_size=&#8221;size-lg&#8221; padding_top=&#8221;3&#8243; padding_right=&#8221;44&#8243; padding_bottom=&#8221;3&#8243; padding_left=&#8221;44&#8243; animation=&#8221;fadeInRight&#8221; el_class=&#8221;btn-scroll&#8221;][\/vc_column_inner][vc_column_inner width=&#8221;1\/4&#8243; offset=&#8221;vc_col-lg-6 vc_col-md-4&#8243;][\/vc_column_inner][\/vc_row_inner][ct_space space_lg=&#8221;160&#8243; space_md=&#8221;160&#8243; space_sm=&#8221;160&#8243; space_xs=&#8221;130&#8243;][\/vc_column][\/vc_row][vc_row full_width=&#8221;stretch_row&#8221; parallax=&#8221;content-moving&#8221; parallax_image=&#8221;1793&#8243; ct_row_class=&#8221;row-overlay&#8221; css=&#8221;.vc_custom_1735839304486{background-color: rgba(0,0,0,0.8) !important;*background-color: rgb(0,0,0) !important;}&#8221; el_id=&#8221;portfolio&#8221;][vc_column css=&#8221;.vc_custom_1735839318451{padding-top: 55px !important;padding-bottom: 35px !important;}&#8221;][ct_portfolio_grid cms_template=&#8221;ct_portfolio_grid&#8211;layout2.php&#8221; custom_source=&#8221;true&#8221; limit=&#8221;4&#8243; img_size=&#8221;600&#215;600, 600&#215;600, 600&#215;600, 600&#215;600&#8243; filter=&#8221;false&#8221; col_xs=&#8221;1&#8243; col_sm=&#8221;1&#8243; col_md=&#8221;4&#8243; col_lg=&#8221;4&#8243; col_xl=&#8221;4&#8243; custom_column=&#8221;false&#8221; layout=&#8221;masonry&#8221;][\/vc_column][\/vc_row][vc_row full_width=&#8221;stretch_row_content_no_spaces&#8221; disable_element=&#8221;yes&#8221; bg_image_position=&#8221;bg-image-ps-center&#8221; css=&#8221;.vc_custom_1735770856760{background: #373636 url(http:\/\/demo.casethemes.net\/multio-resume\/wp-content\/uploads\/2019\/05\/bg-section1.jpg?id=1429) !important;background-position: center !important;background-repeat: no-repeat !important;background-size: cover !important;}&#8221;][vc_column ct_column_offset=&#8221;col-offset-left&#8221; css=&#8221;.vc_custom_1558672039301{padding-top: 0px !important;}&#8221;][vc_row_inner equal_height=&#8221;yes&#8221; content_placement=&#8221;middle&#8221;][vc_column_inner width=&#8221;1\/4&#8243; ct_column_inner_class=&#8221;rm-padding-lg&#8221; css=&#8221;.vc_custom_1558688407787{padding-top: 45px !important;padding-right: 35% !important;padding-bottom: 45px !important;}&#8221; animation_column=&#8221;fadeInUp&#8221;][ct_fancybox cms_template=&#8221;ct_fancybox&#8211;layout3.php&#8221; title_color=&#8221;#ffffff&#8221; description_color=&#8221;#d6d6d6&#8243; title=&#8221;Graphics Designer&#8221; title_number=&#8221;01.&#8221; description=&#8221;Duis nec risus ac dolor ullesuada nam quis tortor.&#8221;][\/vc_column_inner][vc_column_inner width=&#8221;1\/4&#8243; ct_column_inner_class=&#8221;rm-padding-lg&#8221; css=&#8221;.vc_custom_1558688414978{padding-top: 45px !important;padding-right: 35% !important;padding-bottom: 45px !important;}&#8221; animation_column=&#8221;fadeInUp&#8221;][ct_fancybox cms_template=&#8221;ct_fancybox&#8211;layout3.php&#8221; title_color=&#8221;#ffffff&#8221; description_color=&#8221;#d6d6d6&#8243; title=&#8221;Web Developer&#8221; title_number=&#8221;02.&#8221; description=&#8221;Duis nec risus ac dolor ullesuada nam quis tortor.&#8221;][\/vc_column_inner][vc_column_inner width=&#8221;1\/4&#8243; ct_column_inner_class=&#8221;rm-padding-lg&#8221; css=&#8221;.vc_custom_1558688423664{padding-top: 45px !important;padding-right: 35% !important;padding-bottom: 45px !important;}&#8221; animation_column=&#8221;fadeInUp&#8221;][ct_fancybox cms_template=&#8221;ct_fancybox&#8211;layout3.php&#8221; title_color=&#8221;#ffffff&#8221; description_color=&#8221;#d6d6d6&#8243; title=&#8221;Web Designer&#8221; title_number=&#8221;03.&#8221; description=&#8221;Duis nec risus ac dolor ullesuada nam quis tortor.&#8221;][\/vc_column_inner][vc_column_inner el_class=&#8221;col-height-full&#8221; width=&#8221;1\/4&#8243;][vc_raw_html css=&#8221;.vc_custom_1558681568683{margin-bottom: 0px !important;}&#8221;]JTNDYSUyMGNsYXNzJTNEJTIyYnRuLWZ1bGwlMjIlMjBocmVmJTNEJTIyJTIzJTIyJTNFSGlyZSUyMG1lJTIwbm93JTNDaSUyMGNsYXNzJTNEJTIyY3QtYXJyb3ctc21hbGwtcmlnaHQlMjIlM0UlM0MlMkZpJTNFJTNDJTJGYSUzRQ==[\/vc_raw_html][\/vc_column_inner][\/vc_row_inner][\/vc_column][\/vc_row][vc_row el_id=&#8221;services&#8221;][vc_column css=&#8221;.vc_custom_1558580272590{padding-top: 85px !important;padding-bottom: 0px !important;}&#8221;][vc_row_inner content_placement=&#8221;middle&#8221; css=&#8221;.vc_custom_1558426183631{padding-bottom: 10px !important;}&#8221;][vc_column_inner width=&#8221;1\/2&#8243; css=&#8221;.vc_custom_1557817659560{padding-top: 0px !important;padding-bottom: 59px !important;}&#8221;][ct_heading text=&#8221;Tasar\u0131m Spor ile<u>Saha Yap\u0131m \u0130\u015fleri<\/u> profosyonel ekibimizle g\u00fcvenle ger\u00e7ekle\u015ftirilmektedir.&#8221; font_weight=&#8221;&#8221; subtitle=&#8221;Tasar\u0131m Spor&#8221; description_font_weight=&#8221;inherit&#8221; margin_bottom=&#8221;0&#8243;][\/vc_column_inner][vc_column_inner width=&#8221;1\/2&#8243; ct_column_inner_class=&#8221;rm-padding-lg&#8221; css=&#8221;.vc_custom_1557817663792{padding-top: 0px !important;padding-bottom: 59px !important;padding-left: 100px !important;}&#8221;][vc_column_text css=&#8221;.vc_custom_1735839163965{margin-bottom: 0px !important;}&#8221; text_style=&#8221;text-block1&#8243;]<u>\u00c7\u00f6z\u00fcm odakl\u0131 hizmet anlay\u0131\u015f\u0131 ile, profosyonel ekibimiz t\u00fcm saha yap\u0131m\u0131, tamir tadilat i\u015flemleri, otopark \u00e7izim boyama i\u015flemleri, t\u00fcm sahalar\u0131n\u0131z\u0131n s\u0131f\u0131rdan yeni projelendirilmesi veya tadilat projelerinin ger\u00e7ekle\u015ftirilmesi gibi i\u015fleriniz profosyonel ekip ve kaliteli malzeme ile garantili olarak ger\u00e7ekle\u015ftirilmektedir.<\/u><\/p>\n<p>Tasar\u0131m Spor Saha Yap\u0131m hizmetleri[\/vc_column_text][\/vc_column_inner][\/vc_row_inner][\/vc_column][\/vc_row]<\/p>\n<\/div>","protected":false},"excerpt":{"rendered":"<p>[vc_row full_width=&#8221;stretch_row&#8221; parallax=&#8221;content-moving&#8221; parallax_image=&#8221;2050&#8243; ct_row_class=&#8221;row-overlay&#8221; css=&#8221;.vc_custom_1735924927445{background-color: rgba(0,0,0,0.25) !important;*background-color: rgb(0,0,0) !important;}&#8221;][vc_column css=&#8221;.vc_custom_1558751649530{padding-top: 0px !important;}&#8221;][ct_space space_lg=&#8221;300&#8243; space_md=&#8221;300&#8243; space_sm=&#8221;180&#8243; space_xs=&#8221;130&#8243;][vc_row_inner][vc_column_inner width=&#8221;3\/4&#8243; css=&#8221;.vc_custom_1558948166898{padding-top: 0px !important;}&#8221; offset=&#8221;vc_col-lg-6 vc_col-md-8&#8243;][ct_heading text=&#8221;Saha Yap\u0131m \u0130\u015fleri;&#8221; font_size=&#8221;72&#8243; font_size_md=&#8221;72&#8243; font_size_sm=&#8221;60&#8243; font_size_xs=&#8221;40&#8243; line_height=&#8221;86&#8243; line_height_md=&#8221;86&#8243; line_height_sm=&#8221;72&#8243; line_height_xs=&#8221;48&#8243; font_weight=&#8221;&#8221; letter_spacing=&#8221;-0.05em&#8221; text_color=&#8221;#ffffff&#8221; description_font_weight=&#8221;inherit&#8221; margin_bottom=&#8221;35&#8243; typingout=&#8221;&#8220;Tamir&#8220;, &#8220; Tadilat&#8220;, &#8220;\u00dcr\u00fcn Sat\u0131\u015f\u0131&#8220;&#8221; animation=&#8221;fadeInRight&#8221; el_class=&#8221;h-u-lg&#8221;][ct_heading text=&#8221;Otopark boya ve \u00e7izim i\u015fleri, Profosyonel ve Garantili i\u015flemler&#8221;&#8230;<\/p>\n","protected":false},"author":1,"featured_media":0,"parent":0,"menu_order":0,"comment_status":"closed","ping_status":"closed","template":"","meta":{"footnotes":""},"class_list":["post-2049","page","type-page","status-publish","hentry"],"_links":{"self":[{"href":"https:\/\/tasarimspor.com\/index.php?rest_route=\/wp\/v2\/pages\/2049","targetHints":{"allow":["GET"]}}],"collection":[{"href":"https:\/\/tasarimspor.com\/index.php?rest_route=\/wp\/v2\/pages"}],"about":[{"href":"https:\/\/tasarimspor.com\/index.php?rest_route=\/wp\/v2\/types\/page"}],"author":[{"embeddable":true,"href":"https:\/\/tasarimspor.com\/index.php?rest_route=\/wp\/v2\/users\/1"}],"replies":[{"embeddable":true,"href":"https:\/\/tasarimspor.com\/index.php?rest_route=%2Fwp%2Fv2%2Fcomments&post=2049"}],"version-history":[{"count":2,"href":"https:\/\/tasarimspor.com\/index.php?rest_route=\/wp\/v2\/pages\/2049\/revisions"}],"predecessor-version":[{"id":2096,"href":"https:\/\/tasarimspor.com\/index.php?rest_route=\/wp\/v2\/pages\/2049\/revisions\/2096"}],"wp:attachment":[{"href":"https:\/\/tasarimspor.com\/index.php?rest_route=%2Fwp%2Fv2%2Fmedia&parent=2049"}],"curies":[{"name":"wp","href":"https:\/\/api.w.org\/{rel}","templated":true}]}}